{"id":977,"date":"2024-04-21T14:57:46","date_gmt":"2024-04-21T12:57:46","guid":{"rendered":"https:\/\/proftan.ch\/?page_id=977"},"modified":"2024-05-22T11:45:33","modified_gmt":"2024-05-22T09:45:33","slug":"muglin-da-ftan","status":"publish","type":"page","link":"https:\/\/pro-ftan.ch\/de\/muglin-da-ftan\/","title":{"rendered":"M\u00fchle von Ftan"},"content":{"rendered":"<div data-elementor-type=\"wp-page\" data-elementor-id=\"977\" class=\"elementor elementor-977\" data-elementor-post-type=\"page\">\n\t\t\t\t<div class=\"elementor-element elementor-element-320ba69 e-flex e-con-boxed e-con e-parent\" data-id=\"320ba69\" data-element_type=\"container\" data-e-type=\"container\" data-settings=\"{&quot;background_background&quot;:&quot;classic&quot;}\">\n\t\t\t\t\t<div class=\"e-con-inner\">\n\t\t<div class=\"elementor-element elementor-element-e952623 e-con-full e-flex e-con e-child\" data-id=\"e952623\" data-element_type=\"container\" data-e-type=\"container\" data-settings=\"{&quot;background_background&quot;:&quot;classic&quot;}\">\n\t\t<div class=\"elementor-element elementor-element-0a6f77c e-flex e-con-boxed e-con e-child\" data-id=\"0a6f77c\" data-element_type=\"container\" data-e-type=\"container\">\n\t\t\t\t\t<div class=\"e-con-inner\">\n\t\t\t\t<div class=\"elementor-element elementor-element-05724da elementor-widget elementor-widget-heading\" data-id=\"05724da\" data-element_type=\"widget\" data-e-type=\"widget\" data-widget_type=\"heading.default\">\n\t\t\t\t<div class=\"elementor-widget-container\">\n\t\t\t\t\t<h2 class=\"elementor-heading-title elementor-size-default\">Getreide aus Ftan<\/h2>\t\t\t\t<\/div>\n\t\t\t\t<\/div>\n\t\t\t\t<div class=\"elementor-element elementor-element-164e0d4 elementor-widget elementor-widget-heading\" data-id=\"164e0d4\" data-element_type=\"widget\" data-e-type=\"widget\" data-widget_type=\"heading.default\">\n\t\t\t\t<div class=\"elementor-widget-container\">\n\t\t\t\t\t<h1 class=\"elementor-heading-title elementor-size-default\">Die M\u00fchle von Ftan<\/h1>\t\t\t\t<\/div>\n\t\t\t\t<\/div>\n\t\t<div class=\"elementor-element elementor-element-5b28c2d e-flex e-con-boxed e-con e-child\" data-id=\"5b28c2d\" data-element_type=\"container\" data-e-type=\"container\">\n\t\t\t\t\t<div class=\"e-con-inner\">\n\t\t\t\t<div class=\"elementor-element elementor-element-e528636 elementor-widget elementor-widget-image\" data-id=\"e528636\" data-element_type=\"widget\" data-e-type=\"widget\" data-widget_type=\"image.default\">\n\t\t\t\t<div class=\"elementor-widget-container\">\n\t\t\t\t\t\t\t\t\t\t\t\t\t\t\t<img fetchpriority=\"high\" decoding=\"async\" width=\"1200\" height=\"564\" src=\"https:\/\/pro-ftan.ch\/wp-content\/uploads\/2024\/04\/Il_muglin_da_Ftan.jpg\" class=\"attachment-full size-full wp-image-986\" alt=\"Il muglin da Ftan\" srcset=\"https:\/\/pro-ftan.ch\/wp-content\/uploads\/2024\/04\/Il_muglin_da_Ftan.jpg 1200w, https:\/\/pro-ftan.ch\/wp-content\/uploads\/2024\/04\/Il_muglin_da_Ftan-300x141.jpg 300w, https:\/\/pro-ftan.ch\/wp-content\/uploads\/2024\/04\/Il_muglin_da_Ftan-1024x481.jpg 1024w, https:\/\/pro-ftan.ch\/wp-content\/uploads\/2024\/04\/Il_muglin_da_Ftan-768x361.jpg 768w, https:\/\/pro-ftan.ch\/wp-content\/uploads\/2024\/04\/Il_muglin_da_Ftan-18x8.jpg 18w\" sizes=\"(max-width: 1200px) 100vw, 1200px\" \/>\t\t\t\t\t\t\t\t\t\t\t\t\t\t\t<\/div>\n\t\t\t\t<\/div>\n\t\t\t\t\t<\/div>\n\t\t\t\t<\/div>\n\t\t\t\t\t<\/div>\n\t\t\t\t<\/div>\n\t\t\t\t<\/div>\n\t\t\t\t\t<\/div>\n\t\t\t\t<\/div>\n\t\t<div class=\"elementor-element elementor-element-5f929da e-flex e-con-boxed e-con e-parent\" data-id=\"5f929da\" data-element_type=\"container\" data-e-type=\"container\" data-settings=\"{&quot;background_background&quot;:&quot;classic&quot;}\">\n\t\t\t\t\t<div class=\"e-con-inner\">\n\t\t<div class=\"elementor-element elementor-element-ce5e529 e-con-full e-flex e-con e-child\" data-id=\"ce5e529\" data-element_type=\"container\" data-e-type=\"container\" data-settings=\"{&quot;background_background&quot;:&quot;classic&quot;}\">\n\t\t<div class=\"elementor-element elementor-element-fca0ff3 e-flex e-con-boxed e-con e-child\" data-id=\"fca0ff3\" data-element_type=\"container\" data-e-type=\"container\">\n\t\t\t\t\t<div class=\"e-con-inner\">\n\t\t\t\t<div class=\"elementor-element elementor-element-3d087bc elementor-widget elementor-widget-text-editor\" data-id=\"3d087bc\" data-element_type=\"widget\" data-e-type=\"widget\" data-widget_type=\"text-editor.default\">\n\t\t\t\t<div class=\"elementor-widget-container\">\n\t\t\t\t\t\t\t\t\t<p>Die alte M\u00fchle rattert und knattert immer noch, als w\u00e4re die Zeit stillgestanden. Von Generationen gepr\u00e4gt, gehegt und gepflegt, steht dieser imposante Zeitzeuge mit zwei originalen M\u00fchlen am westlichen Dorfrand von Ftan.<\/p>\t\t\t\t\t\t\t\t<\/div>\n\t\t\t\t<\/div>\n\t\t\t\t<div class=\"elementor-element elementor-element-0cbcfc7 elementor-widget elementor-widget-text-editor\" data-id=\"0cbcfc7\" data-element_type=\"widget\" data-e-type=\"widget\" data-widget_type=\"text-editor.default\">\n\t\t\t\t<div class=\"elementor-widget-container\">\n\t\t\t\t\t\t\t\t\t<p>Der Getreideanbau war fr\u00fcher die landwirtschaftliche Grundlage des Unterengadins. Die \u00c4cker auf den terrassierten H\u00e4ngen pr\u00e4gten das Bild der Kulturlandschaft. Die alte M\u00fchle von Ftan ist der letzte Zeuge dieser Epoche und erz\u00e4hlt von der einstmals reichen Kornkultur. Im Geb\u00e4ude befinden sich zwei M\u00fchlen im Originalzustand. Die Bauzeit der \u00e4lteren M\u00fchle liegt ca. 400 Jahre zur\u00fcck. Das Geb\u00e4ude wurde im Jahre 1972 renoviert und somit vor dem Verfall gerettet.<\/p>\t\t\t\t\t\t\t\t<\/div>\n\t\t\t\t<\/div>\n\t\t\t\t\t<\/div>\n\t\t\t\t<\/div>\n\t\t<div class=\"elementor-element elementor-element-68cbd0e e-flex e-con-boxed e-con e-child\" data-id=\"68cbd0e\" data-element_type=\"container\" data-e-type=\"container\">\n\t\t\t\t\t<div class=\"e-con-inner\">\n\t\t\t\t<div class=\"elementor-element elementor-element-bc12252 elementor-widget elementor-widget-text-editor\" data-id=\"bc12252\" data-element_type=\"widget\" data-e-type=\"widget\" data-widget_type=\"text-editor.default\">\n\t\t\t\t<div class=\"elementor-widget-container\">\n\t\t\t\t\t\t\t\t\t<p>Die M\u00fchle ist nach wie vor in Betrieb und produziert noch heute Mehlsorten nach alter Tradition. Besichtigungen ganzj\u00e4hrig nach Terminvereinbarung.<\/p>\t\t\t\t\t\t\t\t<\/div>\n\t\t\t\t<\/div>\n\t\t\t\t<div class=\"elementor-element elementor-element-d0cc9cd elementor-widget-divider--view-line elementor-widget elementor-widget-divider\" data-id=\"d0cc9cd\" data-element_type=\"widget\" data-e-type=\"widget\" data-widget_type=\"divider.default\">\n\t\t\t\t<div class=\"elementor-widget-container\">\n\t\t\t\t\t\t\t<div class=\"elementor-divider\">\n\t\t\t<span class=\"elementor-divider-separator\">\n\t\t\t\t\t\t<\/span>\n\t\t<\/div>\n\t\t\t\t\t\t<\/div>\n\t\t\t\t<\/div>\n\t\t\t\t<div class=\"elementor-element elementor-element-03417d5 elementor-widget elementor-widget-heading\" data-id=\"03417d5\" data-element_type=\"widget\" data-e-type=\"widget\" data-widget_type=\"heading.default\">\n\t\t\t\t<div class=\"elementor-widget-container\">\n\t\t\t\t\t<h2 class=\"elementor-heading-title elementor-size-default\">Auskunft und Anmeldung<\/h2>\t\t\t\t<\/div>\n\t\t\t\t<\/div>\n\t\t\t\t<div class=\"elementor-element elementor-element-2c55ec5 elementor-widget elementor-widget-text-editor\" data-id=\"2c55ec5\" data-element_type=\"widget\" data-e-type=\"widget\" data-widget_type=\"text-editor.default\">\n\t\t\t\t<div class=\"elementor-widget-container\">\n\t\t\t\t\t\t\t\t\t<p>Cilgia Florineth<\/p>\t\t\t\t\t\t\t\t<\/div>\n\t\t\t\t<\/div>\n\t\t\t\t<div class=\"elementor-element elementor-element-3d91baf elementor-widget elementor-widget-button\" data-id=\"3d91baf\" data-element_type=\"widget\" data-e-type=\"widget\" data-widget_type=\"button.default\">\n\t\t\t\t<div class=\"elementor-widget-container\">\n\t\t\t\t\t\t\t\t\t<div class=\"elementor-button-wrapper\">\n\t\t\t\t\t<a class=\"elementor-button elementor-button-link elementor-size-xl\" href=\"tel:0041818641007\">\n\t\t\t\t\t\t<span class=\"elementor-button-content-wrapper\">\n\t\t\t\t\t\t\t\t\t<span class=\"elementor-button-text\">Tel. +41 81 864 10 07<\/span>\n\t\t\t\t\t<\/span>\n\t\t\t\t\t<\/a>\n\t\t\t\t<\/div>\n\t\t\t\t\t\t\t\t<\/div>\n\t\t\t\t<\/div>\n\t\t\t\t<div class=\"elementor-element elementor-element-aaad73d elementor-widget elementor-widget-button\" data-id=\"aaad73d\" data-element_type=\"widget\" data-e-type=\"widget\" data-widget_type=\"button.default\">\n\t\t\t\t<div class=\"elementor-widget-container\">\n\t\t\t\t\t\t\t\t\t<div class=\"elementor-button-wrapper\">\n\t\t\t\t\t<a class=\"elementor-button elementor-button-link elementor-size-xs\" href=\"tel:0041794717687\">\n\t\t\t\t\t\t<span class=\"elementor-button-content-wrapper\">\n\t\t\t\t\t\t\t\t\t<span class=\"elementor-button-text\">Mob. +41 79 471 76 87<\/span>\n\t\t\t\t\t<\/span>\n\t\t\t\t\t<\/a>\n\t\t\t\t<\/div>\n\t\t\t\t\t\t\t\t<\/div>\n\t\t\t\t<\/div>\n\t\t\t\t<div class=\"elementor-element elementor-element-dc93848 elementor-widget elementor-widget-button\" data-id=\"dc93848\" data-element_type=\"widget\" data-e-type=\"widget\" data-widget_type=\"button.default\">\n\t\t\t\t<div class=\"elementor-widget-container\">\n\t\t\t\t\t\t\t\t\t<div class=\"elementor-button-wrapper\">\n\t\t\t\t\t<a class=\"elementor-button elementor-button-link elementor-size-xs\" href=\"https:\/\/www.muglin-ftan.ch\/\" target=\"_blank\">\n\t\t\t\t\t\t<span class=\"elementor-button-content-wrapper\">\n\t\t\t\t\t\t\t\t\t<span class=\"elementor-button-text\">www.muglin-ftan.ch<\/span>\n\t\t\t\t\t<\/span>\n\t\t\t\t\t<\/a>\n\t\t\t\t<\/div>\n\t\t\t\t\t\t\t\t<\/div>\n\t\t\t\t<\/div>\n\t\t\t\t\t<\/div>\n\t\t\t\t<\/div>\n\t\t\t\t<\/div>\n\t\t\t\t\t<\/div>\n\t\t\t\t<\/div>\n\t\t\t\t<\/div>","protected":false},"excerpt":{"rendered":"<p>Gran da Ftan Il muglin da Ftan Il temp es rest\u00e0 salda aint il vegl muglin da Ftan. Generaziun per generaziun til ha mantgn\u00fc, cultiv\u00e0, ch\u00fcr\u00e0 e pisser\u00e0 cha quista perd\u00fctta dal temp da noss perdavants scruoscha e rampluna amo ad\u00fcna. Pl\u00fc bod d&#8217;eira la cultivaziun da gran la fundamainta da mincha pauraria in Engiadina [&hellip;]<\/p>\n","protected":false},"author":1,"featured_media":0,"parent":0,"menu_order":0,"comment_status":"closed","ping_status":"closed","template":"elementor_header_footer","meta":{"footnotes":""},"class_list":["post-977","page","type-page","status-publish","hentry"],"_links":{"self":[{"href":"https:\/\/pro-ftan.ch\/de\/wp-json\/wp\/v2\/pages\/977","targetHints":{"allow":["GET"]}}],"collection":[{"href":"https:\/\/pro-ftan.ch\/de\/wp-json\/wp\/v2\/pages"}],"about":[{"href":"https:\/\/pro-ftan.ch\/de\/wp-json\/wp\/v2\/types\/page"}],"author":[{"embeddable":true,"href":"https:\/\/pro-ftan.ch\/de\/wp-json\/wp\/v2\/users\/1"}],"replies":[{"embeddable":true,"href":"https:\/\/pro-ftan.ch\/de\/wp-json\/wp\/v2\/comments?post=977"}],"version-history":[{"count":40,"href":"https:\/\/pro-ftan.ch\/de\/wp-json\/wp\/v2\/pages\/977\/revisions"}],"predecessor-version":[{"id":1721,"href":"https:\/\/pro-ftan.ch\/de\/wp-json\/wp\/v2\/pages\/977\/revisions\/1721"}],"wp:attachment":[{"href":"https:\/\/pro-ftan.ch\/de\/wp-json\/wp\/v2\/media?parent=977"}],"curies":[{"name":"wp","href":"https:\/\/api.w.org\/{rel}","templated":true}]}}